{"id":45,"date":"2021-12-26T13:42:21","date_gmt":"2021-12-26T12:42:21","guid":{"rendered":"http:\/\/praxis-kirsten-barabas.de\/homepage\/"},"modified":"2026-01-10T14:15:33","modified_gmt":"2026-01-10T13:15:33","slug":"homepage","status":"publish","type":"page","link":"https:\/\/praxis-kirsten-barabas.de\/pt_br\/","title":{"rendered":"Homepage"},"content":{"rendered":"<section class=\"u-align-center u-clearfix u-container-align-center u-image u-shading u-section-2\" src=\"\" data-image-width=\"913\" data-image-height=\"404\" id=\"sec-0e93\" style=\"background-image: linear-gradient(0deg, rgba(0, 0, 0, 0.1), rgba(0, 0, 0, 0.1)), url(&quot;https:\/\/praxis-kirsten-barabas.de\/wp-content\/uploads\/2021\/12\/AquarellHintergrund-1.png&quot;);\">\n      <div class=\"u-clearfix u-sheet u-sheet-1\">\n        <lt-highlighter style=\"display: none; z-index: 1 !important;\">\n          <lt-div spellcheck=\"false\" class=\"lt-highlighter__wrapper\" style=\"width: 420px; height: 230px; transform: none !important; transform-origin: 210px 115.188px !important; zoom: 1 !important; margin-top: 132px; margin-left: 60px;\">\n            <lt-div class=\"lt-highlighter__scrollElement\" style=\"top: 0px; left: 0px; width: 420px; height: 231px;\"><\/lt-div>\n          <\/lt-div>\n        <\/lt-highlighter>\n        <h1 class=\"u-text u-text-1\">Cl\u00ednica de Psicoterapia Corporal<br><span style=\"font-size: 1.875rem;\">An\u00e1lise bioenerg\u00e9tica<\/span>\n        <\/h1>\n        <p class=\"u-custom-font u-font-merriweather u-text u-text-2\"><b>em movimento - pulsante - vivo<\/b>&nbsp;&nbsp;<br>\n        <\/p>\n      <\/div>\n    <\/section>\n    <section class=\"u-clearfix u-section-3\" id=\"sec-cefd\">\n      <div class=\"u-clearfix u-sheet u-sheet-1\">\n        <h4 class=\"u-custom-font u-font-merriweather u-text u-text-custom-color-1 u-text-1\">Ofertas atuais voc\u00ea encontra <a href=\"https:\/\/praxis-kirsten-barabas.de\/pt_br\/aktuelle-angebote\/\" class=\"u-active-none u-border-none u-btn u-button-link u-button-style u-hover-none u-none u-text-custom-color-1 u-btn-1\">aqui<\/a>&nbsp; &nbsp; &nbsp; &nbsp; &nbsp;\n        <\/h4>\n        <div class=\"u-border-1 u-border-custom-color-1 u-expanded-width u-line u-line-horizontal u-line-1\"><\/div>\n      <\/div>\n    <\/section>\n    <section class=\"u-clearfix u-section-4\" id=\"sec-0688\">\n      <div class=\"u-clearfix u-sheet u-valign-middle-md u-valign-middle-sm u-valign-middle-xs u-sheet-1\">\n        <div class=\"data-layout-selected u-clearfix u-expanded-width u-gutter-0 u-layout-wrap u-layout-wrap-1\">\n          <div class=\"u-layout\" style=\"\">\n            <div class=\"u-layout-row\" style=\"\">\n              <div class=\"u-align-center u-container-align-center u-container-style u-image u-image-contain u-layout-cell u-left-cell u-size-23-lg u-size-23-xl u-size-24-md u-size-24-sm u-size-24-xs u-size-xs-60 u-image-1\" src=\"\" data-image-width=\"499\" data-image-height=\"665\" style=\"background-image: url(&quot;https:\/\/praxis-kirsten-barabas.de\/wp-content\/uploads\/2021\/12\/2-4.png&quot;);\">\n                <div class=\"u-container-layout u-valign-middle-lg u-valign-middle-md u-valign-middle-xl u-container-layout-1\" src=\"\">\n                  <img decoding=\"async\" class=\"u-expanded-height-xs u-image u-image-contain u-image-2\" src=\"https:\/\/praxis-kirsten-barabas.de\/wp-content\/uploads\/2024\/08\/Seite-Profil.png\" data-image-width=\"615\" data-image-height=\"920\">\n                <\/div>\n              <\/div>\n              <div class=\"u-align-left u-container-align-left u-container-style u-layout-cell u-right-cell u-size-36-md u-size-36-sm u-size-36-xs u-size-37-lg u-size-37-xl u-size-xs-60 u-layout-cell-2\" src=\"\" data-animation-name=\"fadeIn\" data-animation-duration=\"1000\" data-animation-direction=\"\">\n                <div class=\"u-container-layout u-valign-bottom-sm u-valign-bottom-xs u-valign-top-lg u-valign-top-md u-valign-top-xl u-container-layout-2\">\n                  <lt-highlighter style=\"display: none; z-index: 1 !important;\">\n                    <lt-div spellcheck=\"false\" class=\"lt-highlighter__wrapper\" style=\"width: 284px; height: 39px; transform: none !important; transform-origin: 141.938px 19.7969px !important; zoom: 1 !important; margin-left: 0px;\">\n                      <lt-div class=\"lt-highlighter__scrollElement\" style=\"top: 0px; left: 0px; width: 284px; height: 42px;\">\n                        <canvas class=\"lt-highlighter__canvas\" width=\"145\" height=\"42\" style=\"display: none; top: 0px; left: 139px;\"><\/canvas>\n                      <\/lt-div>\n                    <\/lt-div>\n                  <\/lt-highlighter>\n                  <h2 class=\"u-custom-font u-font-merriweather u-text u-text-custom-color-1 u-text-default u-text-1\"><span style=\"font-weight: 700;\">Kirsten&nbsp;<\/span><span style=\"font-weight: 700;\">Barabas<\/span>\n                  <\/h2>\n                  <div class=\"u-border-1 u-border-custom-color-1 u-expanded-width u-line u-line-horizontal u-line-1\"><\/div>\n                  <lt-highlighter style=\"display: none; z-index: 1 !important;\">\n                    <lt-div spellcheck=\"false\" class=\"lt-highlighter__wrapper\" style=\"width: 623px; height: 24px; transform: none !important; transform-origin: 311.5px 12px !important; zoom: 1 !important; margin-top: 13px;\">\n                      <lt-div class=\"lt-highlighter__scrollElement\" style=\"top: 0px; left: 0px; width: 623px; height: 24px;\"><\/lt-div>\n                    <\/lt-div>\n                  <\/lt-highlighter>\n                  <p class=\"u-text u-text-custom-color-2 u-text-2\">Tiefenpsychologisch fundierte K\u00f6rperpsychotherapie:&nbsp;<br>corporal (An\u00e1lise Bioenerg\u00e9tica)<br>Traumatherapie: EMDR, psychodynamisch-imaginative Traumatherapie PITT (in Ausbildung)<br>Naturopata para psicoterapia\n                  <\/p>\n                  <p class=\"u-text u-text-3\"> Com o meu trabalho, quero ajudar as pessoas&nbsp;<br>A se conhecerem melhor&nbsp;<br>A reconhecerem bloqueios e suas causas&nbsp;<br>A dissolver estes bloqueios e a reentrar no fluxo&nbsp;<br>A conseguir uma base est\u00e1vel&nbsp;<br>E atrav\u00e9s disso sentir mais alegria na vida. \n                  <\/p>\n                  <a href=\"https:\/\/praxis-kirsten-barabas.de\/pt_br\/ueber-mich\/\" class=\"u-border-1 u-border-custom-color-1 u-btn u-btn-round u-button-style u-hover-custom-color-1 u-none u-radius-50 u-btn-1\">Mais sobre mim<\/a>\n                <\/div>\n              <\/div>\n            <\/div>\n          <\/div>\n        <\/div>\n      <\/div>\n    <\/section>\n    <section class=\"skrollable u-align-center u-clearfix u-container-align-center u-section-5\" id=\"sec-d01a\">\n      <div class=\"u-clearfix u-sheet u-valign-middle-xs u-sheet-1\">\n        <div class=\"u-align-center u-container-align-center u-container-style u-expanded-width-md u-expanded-width-sm u-expanded-width-xs u-group u-group-1\" data-animation-name=\"fadeIn\" data-animation-duration=\"1000\" data-animation-direction=\"\">\n          <div class=\"u-container-layout u-container-layout-1\">\n            <lt-highlighter style=\"display: none; z-index: 1 !important;\">\n              <lt-div spellcheck=\"false\" class=\"lt-highlighter__wrapper\" style=\"width: 150px; height: 24px; transform: none !important; transform-origin: 75.1615px 12px !important; zoom: 1 !important; margin-left: 334px;\">\n                <lt-div class=\"lt-highlighter__scrollElement\" style=\"top: 0px; left: 0px; width: 150px; height: 24px;\"><\/lt-div>\n              <\/lt-div>\n            <\/lt-highlighter>\n            <p class=\"u-text u-text-custom-color-2 u-text-1\">Como trabalho<\/p>\n            <lt-highlighter style=\"display: none; z-index: 1 !important;\">\n              <lt-div spellcheck=\"false\" class=\"lt-highlighter__wrapper\" style=\"width: 272px; height: 74px; transform: none !important; transform-origin: 136px 37.125px !important; zoom: 1 !important; margin-top: 0px; margin-left: 34px;\">\n                <lt-div class=\"lt-highlighter__scrollElement\" style=\"top: 0px; left: 0px; width: 272px; height: 77px;\"><\/lt-div>\n              <\/lt-div>\n            <\/lt-highlighter>\n            <h2 class=\"u-custom-font u-font-merriweather u-text u-text-custom-color-6 u-text-default-lg u-text-default-md u-text-default-sm u-text-default-xl u-text-2\"><span style=\"font-weight: 700;\">Tiefenpsychologisch fundierte<br>K\u00f6rperpsychotherapie (nach dem HpG):&nbsp;<br>An\u00e1lise&nbsp;<\/span><span style=\"font-weight: 700;\">Bioenerg\u00e9tica<\/span>\n            <\/h2>\n            <lt-highlighter style=\"display: none; z-index: 1 !important;\">\n              <lt-div spellcheck=\"false\" class=\"lt-highlighter__wrapper\" style=\"width: 340px; height: 396px; transform: none !important; transform-origin: 170px 197.969px !important; zoom: 1 !important; margin-top: 46px; margin-left: 0px;\">\n                <lt-div class=\"lt-highlighter__scrollElement\" style=\"top: 0px; left: 0px; width: 340px; height: 396px;\">\n                  <canvas class=\"lt-highlighter__canvas\" width=\"152\" height=\"60\" style=\"display: none; top: 129px; left: 13px;\"><\/canvas>\n                <\/lt-div>\n              <\/lt-div>\n            <\/lt-highlighter>\n            <p class=\"u-custom-font u-font-montserrat u-text u-text-custom-color-5 u-text-3\"> Die Bioenergetische Analyse ist ein Verfahren der\nK\u00f6rperpsychotherapie, das Mitte des 20. Jahrhunderts von dem Arzt Dr. Alexander\nLowen begr\u00fcndet wurde. \nLowen lehrt uns, dass K\u00f6rper und Seele eine Einheit\nbilden. Schwierige Erfahrungen besonders in der vorgeburtlichen und fr\u00fchkindlichen\nPhase k\u00f6nnen zu chronischen Spannungen und Verkrampfungen des K\u00f6rpers f\u00fchren.<\/p>\n            <a href=\"https:\/\/praxis-kirsten-barabas.de\/pt_br\/bioenergetische-analyse\/\" class=\"u-border-1 u-border-custom-color-1 u-btn u-btn-round u-button-style u-hover-custom-color-1 u-none u-radius-50 u-text-custom-color-1 u-text-hover-white u-btn-1\">Como trabalho<\/a>\n          <\/div>\n        <\/div>\n      <\/div>\n    <\/section>\n    <section class=\"u-clearfix u-section-6\" id=\"sec-2ee8\">\n      <div class=\"u-clearfix u-sheet u-valign-middle-xl u-sheet-1\">\n        <div class=\"data-layout-selected u-clearfix u-expanded-width u-gutter-10 u-layout-wrap u-layout-wrap-1\">\n          <div class=\"u-layout\" style=\"\">\n            <div class=\"u-layout-row\" style=\"\">\n              <div class=\"u-align-left u-container-align-left u-container-style u-layout-cell u-left-cell u-size-30 u-size-xs-60 u-layout-cell-1\" src=\"\" data-animation-name=\"fadeIn\" data-animation-duration=\"1000\" data-animation-direction=\"\">\n                <div class=\"u-container-layout u-valign-middle-lg u-valign-middle-md u-valign-middle-xl u-container-layout-1\">\n                  <lt-highlighter style=\"display: none; z-index: 1 !important;\">\n                    <lt-div spellcheck=\"false\" class=\"lt-highlighter__wrapper\" style=\"width: 445px; height: 119px; transform: none !important; transform-origin: 222.5px 59.3906px !important; zoom: 1 !important; margin-left: 0px;\">\n                      <lt-div class=\"lt-highlighter__scrollElement\" style=\"top: 0px; left: 0px; width: 445px; height: 121px;\"><\/lt-div>\n                    <\/lt-div>\n                  <\/lt-highlighter>\n                  <lt-highlighter style=\"display: none; z-index: 1 !important;\">\n                    <lt-div spellcheck=\"false\" class=\"lt-highlighter__wrapper\" style=\"width: 484px; height: 25px; transform: none !important; transform-origin: 242.219px 12.7969px !important; zoom: 1 !important; margin-top: 20px; margin-left: 81px;\">\n                      <lt-div class=\"lt-highlighter__scrollElement\" style=\"top: 0px; left: 0px; width: 484px; height: 25px;\"><\/lt-div>\n                    <\/lt-div>\n                  <\/lt-highlighter>\n                  <p class=\"u-text u-text-custom-color-2 u-text-1\"> Bioenergetische Praxisgruppe<\/p>\n                  <h2 class=\"u-custom-font u-font-merriweather u-text u-text-2\"> move &amp; flow<br>\n                  <\/h2>\n                  <lt-highlighter style=\"display: none; z-index: 1 !important;\">\n                    <lt-div spellcheck=\"false\" class=\"lt-highlighter__wrapper\" style=\"width: 445px; height: 224px; transform: none !important; transform-origin: 222.5px 112px !important; zoom: 1 !important; margin-top: 34px;\">\n                      <lt-div class=\"lt-highlighter__scrollElement\" style=\"top: 0px; left: 0px; width: 445px; height: 224px;\">\n                        <canvas class=\"lt-highlighter__canvas\" width=\"197\" height=\"116\" style=\"display: none; top: 102px; left: 22px;\"><\/canvas>\n                      <\/lt-div>\n                    <\/lt-div>\n                  <\/lt-highlighter>\n                  <p class=\"u-text u-text-3\"> Na pr\u00e1tica move &amp; flow, trata-se de se sentir melhor no pr\u00f3prio corpo atrav\u00e9s de movimentos conscientes, passando do movimento exterior para um toque interior e entrando em um fluxo. Flow significa a sensa\u00e7\u00e3o feliz de estar completamente em sintonia consigo mesmo.<\/p>\n                  <a href=\"https:\/\/praxis-kirsten-barabas.de\/pt_br\/uebungsgruppe-move-and-flow\/\" class=\"u-border-1 u-border-custom-color-1 u-btn u-btn-round u-button-style u-hover-custom-color-1 u-none u-radius-50 u-btn-1\">move &amp; flow<\/a>\n                <\/div>\n              <\/div>\n              <div class=\"u-align-center u-container-align-center u-container-style u-layout-cell u-right-cell u-size-30 u-size-xs-60 u-layout-cell-2\" src=\"\" data-animation-name=\"fadeIn\" data-animation-duration=\"1000\" data-animation-direction=\"\">\n                <div class=\"u-container-layout u-valign-middle-lg u-valign-middle-md u-valign-middle-xl u-container-layout-2\" src=\"\">\n                  <img decoding=\"async\" class=\"u-expanded-width-lg u-expanded-width-md u-expanded-width-sm u-expanded-width-xs u-image u-image-1\" src=\"https:\/\/praxis-kirsten-barabas.de\/wp-content\/uploads\/2022\/01\/MoveAndFlow-1.png\" data-image-width=\"2000\" data-image-height=\"2000\">\n                <\/div>\n              <\/div>\n            <\/div>\n          <\/div>\n        <\/div>\n      <\/div>\n    <\/section>\n    <section class=\"u-clearfix u-section-7\" id=\"sec-5ed4\">\n      <div class=\"u-clearfix u-sheet u-sheet-1\">\n        <div class=\"data-layout-selected u-clearfix u-expanded-width-sm u-expanded-width-xs u-gutter-0 u-layout-wrap u-layout-wrap-1\">\n          <div class=\"u-gutter-0 u-layout\" style=\"\">\n            <div class=\"u-layout-row\" style=\"\">\n              <div class=\"u-container-style u-layout-cell u-size-30 u-layout-cell-1\" data-animation-name=\"fadeIn\" data-animation-duration=\"1000\" data-animation-direction=\"\">\n                <div class=\"u-container-layout u-valign-top-sm u-valign-top-xs u-container-layout-1\">\n                  <lt-highlighter style=\"display: none; z-index: 1 !important;\">\n                    <lt-div spellcheck=\"false\" class=\"lt-highlighter__wrapper\" style=\"width: 206px; height: 45px; transform: none !important; transform-origin: 103.042px 22.5469px !important; zoom: 1 !important; margin-top: 22px; margin-left: 48px;\">\n                      <lt-div class=\"lt-highlighter__scrollElement\" style=\"top: 0px; left: 0px; width: 206px; height: 48px;\"><\/lt-div>\n                    <\/lt-div>\n                  <\/lt-highlighter>\n                  <p class=\"u-align-center u-text u-text-custom-color-2 u-text-default u-text-1\" data-animation-name=\"fadeIn\" data-animation-duration=\"1000\" data-animation-direction=\"\">Onde trabalho<\/p>\n                  <h2 class=\"u-align-center u-custom-font u-font-merriweather u-text u-text-custom-color-6 u-text-default u-text-2\" data-animation-name=\"fadeIn\" data-animation-duration=\"1000\" data-animation-direction=\"\"><span style=\"font-weight: 700;\">Die&nbsp;<\/span><span style=\"font-weight: 700;\">Praxis<\/span>\n                  <\/h2>\n                  <div class=\"u-carousel u-expanded-width u-gallery u-gallery-slider u-layout-carousel u-lightbox u-no-transition u-show-text-on-hover u-gallery-1\" id=\"carousel-d38d\" data-interval=\"5000\" data-u-ride=\"carousel\">\n                    <ol class=\"u-absolute-hcenter u-carousel-indicators u-carousel-indicators-1\">\n                      <li data-u-target=\"#carousel-d38d\" data-u-slide-to=\"0\" class=\"u-active u-active-custom-color-1 u-palette-3-dark-1 u-shape-circle\" style=\"width: 10px; height: 10px;\"><\/li>\n                      <li data-u-target=\"#carousel-d38d\" data-u-slide-to=\"1\" class=\"u-active-custom-color-1 u-palette-3-dark-1 u-shape-circle\" style=\"width: 10px; height: 10px;\"><\/li>\n                      <li data-u-target=\"#carousel-d38d\" data-u-slide-to=\"2\" class=\"u-active-custom-color-1 u-palette-3-dark-1 u-shape-circle\" style=\"width: 10px; height: 10px;\"><\/li>\n                    <\/ol>\n                    <div class=\"u-carousel-inner u-gallery-inner u-gallery-inner-1\" role=\"listbox\">\n                      <div class=\"u-active u-carousel-item u-effect-fade u-gallery-item u-carousel-item-1\" data-image-width=\"2048\" data-image-height=\"1365\">\n                        <div class=\"u-back-slide\" data-image-width=\"2048\" data-image-height=\"1365\">\n                          <img decoding=\"async\" class=\"u-back-image u-expanded\" src=\"https:\/\/praxis-kirsten-barabas.de\/wp-content\/uploads\/2022\/01\/IMG_0015-3.jpg\">\n                        <\/div>\n                        <div class=\"u-align-center u-over-slide u-shading u-valign-bottom u-over-slide-1\"><\/div>\n                        <style data-mode=\"XL\" data-visited=\"true\"><\/style>\n                        <style data-mode=\"LG\"><\/style>\n                        <style data-mode=\"MD\" data-visited=\"true\"><\/style>\n                        <style data-mode=\"SM\"><\/style>\n                        <style data-mode=\"XS\"><\/style>\n                      <\/div>\n                      <div class=\"u-carousel-item u-effect-fade u-gallery-item u-carousel-item-2\" data-image-width=\"2048\" data-image-height=\"1365\">\n                        <div class=\"u-back-slide\" data-image-width=\"2048\" data-image-height=\"1365\">\n                          <img decoding=\"async\" class=\"u-back-image u-expanded\" src=\"https:\/\/praxis-kirsten-barabas.de\/wp-content\/uploads\/2022\/01\/IMG_0012-3.jpg\">\n                        <\/div>\n                        <div class=\"u-align-center u-over-slide u-shading u-valign-bottom u-over-slide-2\"><\/div>\n                        <style data-mode=\"XL\" data-visited=\"true\"><\/style>\n                        <style data-mode=\"LG\"><\/style>\n                        <style data-mode=\"MD\" data-visited=\"true\"><\/style>\n                        <style data-mode=\"SM\"><\/style>\n                        <style data-mode=\"XS\"><\/style>\n                      <\/div>\n                      <div class=\"u-carousel-item u-effect-fade u-gallery-item u-carousel-item-3\">\n                        <div class=\"u-back-slide\" data-image-width=\"2048\" data-image-height=\"1536\">\n                          <img decoding=\"async\" class=\"u-back-image u-expanded\" src=\"https:\/\/praxis-kirsten-barabas.de\/wp-content\/uploads\/2022\/01\/IMG_4824-3.jpg\">\n                        <\/div>\n                        <div class=\"u-align-center u-over-slide u-shading u-valign-bottom u-over-slide-3\"><\/div>\n                      <\/div>\n                    <\/div>\n                    <a class=\"u-absolute-vcenter u-carousel-control u-carousel-control-prev u-custom-color-1 u-icon-circle u-opacity u-opacity-70 u-spacing-5 u-text-white u-carousel-control-1\" href=\"#carousel-d38d\" role=\"button\" data-u-slide=\"prev\"><span aria-hidden=\"true\">\n                        <svg viewbox=\"0 0 451.847 451.847\"><path d=\"M97.141,225.92c0-8.095,3.091-16.192,9.259-22.366L300.689,9.27c12.359-12.359,32.397-12.359,44.751,0c12.354,12.354,12.354,32.388,0,44.748L173.525,225.92l171.903,171.909c12.354,12.354,12.354,32.391,0,44.744c-12.354,12.365-32.386,12.365-44.745,0l-194.29-194.281C100.226,242.115,97.141,234.018,97.141,225.92z\"><\/path><\/svg><\/span><span class=\"sr-only\">\n                        <svg viewbox=\"0 0 451.847 451.847\"><path d=\"M97.141,225.92c0-8.095,3.091-16.192,9.259-22.366L300.689,9.27c12.359-12.359,32.397-12.359,44.751,0c12.354,12.354,12.354,32.388,0,44.748L173.525,225.92l171.903,171.909c12.354,12.354,12.354,32.391,0,44.744c-12.354,12.365-32.386,12.365-44.745,0l-194.29-194.281C100.226,242.115,97.141,234.018,97.141,225.92z\"><\/path><\/svg><\/span>\n                    <\/a>\n                    <a class=\"u-absolute-vcenter u-carousel-control u-carousel-control-next u-custom-color-1 u-icon-circle u-opacity u-opacity-70 u-spacing-5 u-text-white u-carousel-control-2\" href=\"#carousel-d38d\" role=\"button\" data-u-slide=\"next\"><span aria-hidden=\"true\">\n                        <svg viewbox=\"0 0 451.846 451.847\"><path d=\"M345.441,248.292L151.154,442.573c-12.359,12.365-32.397,12.365-44.75,0c-12.354-12.354-12.354-32.391,0-44.744L278.318,225.92L106.409,54.017c-12.354-12.359-12.354-32.394,0-44.748c12.354-12.359,32.391-12.359,44.75,0l194.287,194.284c6.177,6.18,9.262,14.271,9.262,22.366C354.708,234.018,351.617,242.115,345.441,248.292z\"><\/path><\/svg><\/span><span class=\"sr-only\">\n                        <svg viewbox=\"0 0 451.846 451.847\"><path d=\"M345.441,248.292L151.154,442.573c-12.359,12.365-32.397,12.365-44.75,0c-12.354-12.354-12.354-32.391,0-44.744L278.318,225.92L106.409,54.017c-12.354-12.359-12.354-32.394,0-44.748c12.354-12.359,32.391-12.359,44.75,0l194.287,194.284c6.177,6.18,9.262,14.271,9.262,22.366C354.708,234.018,351.617,242.115,345.441,248.292z\"><\/path><\/svg><\/span>\n                    <\/a>\n                  <\/div>\n                  <lt-highlighter style=\"display: none; z-index: 1 !important;\">\n                    <lt-div spellcheck=\"false\" class=\"lt-highlighter__wrapper\" style=\"width: 197px; height: 69px; transform: none !important; transform-origin: 99.6198px 35.3958px !important; zoom: 1 !important; margin-top: 63px; margin-left: 1px;\">\n                      <lt-div class=\"lt-highlighter__scrollElement\" style=\"top: 0px; left: 0px; width: 197px; height: 69px;\"><\/lt-div>\n                    <\/lt-div>\n                  <\/lt-highlighter>\n                  <a href=\"https:\/\/praxis-kirsten-barabas.de\/pt_br\/wo-ich-arbeite\/\" class=\"u-border-1 u-border-custom-color-1 u-btn u-btn-round u-button-style u-hidden-sm u-hidden-xs u-hover-custom-color-1 u-none u-radius-50 u-btn-1\">Onde trabalho<\/a>\n                <\/div>\n              <\/div>\n              <div class=\"u-align-left u-container-align-left u-container-style u-custom-color-1 u-layout-cell u-shape-rectangle u-size-30 u-layout-cell-2\" data-animation-name=\"fadeIn\" data-animation-duration=\"1000\" data-animation-direction=\"\">\n                <div class=\"u-container-layout u-valign-middle u-container-layout-2\">\n                  <lt-highlighter style=\"display: none; z-index: 1 !important;\">\n                    <lt-div spellcheck=\"false\" class=\"lt-highlighter__wrapper\" style=\"width: 288px; height: 493px; transform: none !important; transform-origin: 144px 246.385px !important; zoom: 1 !important; margin-top: -511px; margin-left: 24px;\">\n                      <lt-div class=\"lt-highlighter__scrollElement\" style=\"top: 0px; left: 0px; width: 288px; height: 493px;\">\n                        <canvas class=\"lt-highlighter__canvas\" width=\"291\" height=\"372\" style=\"display: none; top: 78px; left: 0px;\"><\/canvas>\n                      <\/lt-div>\n                    <\/lt-div>\n                  <\/lt-highlighter>\n                  <p class=\"u-text u-text-3\" data-animation-name=\"fadeIn\" data-animation-duration=\"1000\" data-animation-direction=\"\"> Meu consult\u00f3rio est\u00e1 localizado em Heidelberg, no bairro de <span style=\"font-weight: 700;\">Ziegelhausen. <\/span>Com os meios de transporte p\u00fablico, o consult\u00f3rio pode ser acessado a p\u00e9 numa caminhada de em torno 10 minutos a partir dos pontos \u201eOrthop\u00e4dische Klinik\u201c, \u201eKleingem\u00fcnder Stra\u00dfe Ost\u201c ou \u201eKleingem\u00fcnder Stra\u00dfe\u201c. Dos dois lados da \u201cKleingem\u00fcnder Stra\u00dfe\u201d, h\u00e1 op\u00e7\u00f5es de estacionamento.&nbsp;<br>\n                    <br><span style=\"font-weight: 700;\"> Kleingem\u00fcnder\nStra\u00dfe 111\/4&nbsp;<\/span>\n                    <br><span style=\"font-weight: 700;\">69118\nHeidelberg<\/span>\n                    <br><span style=\"font-weight: 700;\">Tel: +49 6221 36 17 682<\/span>\n                  <\/p>\n                <\/div>\n              <\/div>\n            <\/div>\n          <\/div>\n        <\/div>\n      <\/div>\n    <\/section>","protected":false},"excerpt":{"rendered":"<p>Praxis f\u00fcr&nbsp;K\u00f6rperpsychotherapie(Bioenergetische Analyse) lebendig &#8211; pulsierend &#8211; bewegt&nbsp;&nbsp; Aktuelle Angebote finden Sie hier&nbsp; &nbsp; &nbsp; &nbsp; &nbsp; Kirsten&nbsp;Barabas Tiefenpsychologisch fundierte K\u00f6rperpsychotherapie:&nbsp;Bioenergetische AnalyseTraumatherapie: EMDR, psychodynamisch-imaginative Traumatherapie PITT (in Ausbildung)Heilpraktikerin f\u00fcr Psychotherapie Mit meiner Arbeit m\u00f6chte ich Menschen helfen,&nbsp;sich selbst besser kennen zu lernen,&nbsp;Blockaden und ihre Ursachen zu erkennen,&nbsp;sie zu l\u00f6sen und wieder in Fluss zu kommen,&nbsp;sicheren &hellip; <a href=\"https:\/\/praxis-kirsten-barabas.de\/pt_br\/\" class=\"more-link\">Continue reading<span class=\"screen-reader-text\"> &#8222;Homepage&#8220;<\/span><\/a><\/p>","protected":false},"author":1,"featured_media":0,"parent":0,"menu_order":4,"comment_status":"closed","ping_status":"closed","template":"","meta":{"footnotes":""},"class_list":["post-45","page","type-page","status-publish","hentry"],"_links":{"self":[{"href":"https:\/\/praxis-kirsten-barabas.de\/pt_br\/wp-json\/wp\/v2\/pages\/45","targetHints":{"allow":["GET"]}}],"collection":[{"href":"https:\/\/praxis-kirsten-barabas.de\/pt_br\/wp-json\/wp\/v2\/pages"}],"about":[{"href":"https:\/\/praxis-kirsten-barabas.de\/pt_br\/wp-json\/wp\/v2\/types\/page"}],"author":[{"embeddable":true,"href":"https:\/\/praxis-kirsten-barabas.de\/pt_br\/wp-json\/wp\/v2\/users\/1"}],"replies":[{"embeddable":true,"href":"https:\/\/praxis-kirsten-barabas.de\/pt_br\/wp-json\/wp\/v2\/comments?post=45"}],"version-history":[{"count":67,"href":"https:\/\/praxis-kirsten-barabas.de\/pt_br\/wp-json\/wp\/v2\/pages\/45\/revisions"}],"predecessor-version":[{"id":735,"href":"https:\/\/praxis-kirsten-barabas.de\/pt_br\/wp-json\/wp\/v2\/pages\/45\/revisions\/735"}],"wp:attachment":[{"href":"https:\/\/praxis-kirsten-barabas.de\/pt_br\/wp-json\/wp\/v2\/media?parent=45"}],"curies":[{"name":"wp","href":"https:\/\/api.w.org\/{rel}","templated":true}]}}