{"id":43,"date":"2021-12-26T13:42:19","date_gmt":"2021-12-26T12:42:19","guid":{"rendered":"http:\/\/praxis-kirsten-barabas.de\/ueber-mich\/"},"modified":"2026-01-18T15:15:36","modified_gmt":"2026-01-18T14:15:36","slug":"ueber-mich","status":"publish","type":"page","link":"https:\/\/praxis-kirsten-barabas.de\/pt_br\/ueber-mich\/","title":{"rendered":"Sobre mim"},"content":{"rendered":"<section class=\"u-align-center u-clearfix u-container-align-center u-image u-section-2\" src=\"\" data-image-width=\"2500\" data-image-height=\"1065\" id=\"sec-c17c\" style=\"background-image: url(&quot;https:\/\/praxis-kirsten-barabas.de\/wp-content\/uploads\/2024\/08\/Ueber-Mich.png&quot;);\">\n      <div class=\"u-clearfix u-sheet u-sheet-1\">\n        <lt-highlighter style=\"display: none; z-index: 1 !important;\">\n          <lt-div spellcheck=\"false\" class=\"lt-highlighter__wrapper\" style=\"width: 217px; height: 79px; transform: none !important; transform-origin: 108.615px 39.599px !important; zoom: 1 !important; margin-top: 185px;\">\n            <lt-div class=\"lt-highlighter__scrollElement\" style=\"top: 0px; left: 0px; width: 217px; height: 84px;\"><\/lt-div>\n          <\/lt-div>\n        <\/lt-highlighter>\n        <h1 class=\"u-align-right-xs u-custom-font u-font-merriweather u-text u-text-default-lg u-text-default-md u-text-default-sm u-text-default-xl u-text-white u-title u-text-1\">Meu ideal:<\/h1>\n        <lt-highlighter style=\"display: none; z-index: 1 !important;\">\n          <lt-div spellcheck=\"false\" class=\"lt-highlighter__wrapper\" style=\"width: 395px; height: 96px; transform: none !important; transform-origin: 197.5px 48px !important; zoom: 1 !important; margin-top: 31px;\">\n            <lt-div class=\"lt-highlighter__scrollElement\" style=\"top: 0px; left: 0px; width: 395px; height: 96px;\"><\/lt-div>\n          <\/lt-div>\n        <\/lt-highlighter>\n        <p class=\"u-align-right u-custom-font u-font-montserrat u-large-text u-text u-text-body-alt-color u-text-variant u-text-2\">Com o meu trabalho, quero ajudar as pessoas&nbsp;<br>A se conhecerem melhor&nbsp;<br>A reconhecerem bloqueios e suas causas&nbsp;<br>solucion\u00e1-las&nbsp;<br>fazer a pr\u00f3pria energia voltar a fluir,<br>A conseguir uma base est\u00e1vel&nbsp;<br>E atrav\u00e9s disso sentir mais alegria na vida.\n        <\/p>\n      <\/div>\n    <\/section>\n    <section class=\"u-align-left u-clearfix u-container-align-left u-section-3\" id=\"sec-96f3\">\n      <div class=\"u-clearfix u-sheet u-valign-middle-lg u-valign-middle-md u-valign-middle-sm u-valign-middle-xs u-sheet-1\">\n        <div class=\"fr-view u-clearfix u-rich-text u-text u-text-1\">\n          <h1 style=\"text-align: left;\">Kirsten Barabas<\/h1>\n          <p><span class=\"u-text-custom-color-14\" style=\"font-weight: 700; font-size: 1.125rem;\"><span class=\"u-custom-font u-font-montserrat\">Tiefenpsychologisch fundierte K\u00f6rperpsychotherapie (HpG<\/span><\/span><span class=\"u-text-custom-color-14\"><span class=\"u-custom-font u-font-montserrat\" style=\"font-size: 1.125rem;\">)<\/span><\/span>\n          <\/p>\n          <p style=\"line-height: 1.4;\"><span class=\"u-text-custom-color-5\" style=\"font-size: 1.125rem;\"><span class=\"u-custom-font u-font-montserrat\">Membro do&nbsp;<\/span><\/span><span class=\"u-custom-font u-font-montserrat\" style=\"font-size: 1.125rem;\">\n              <a href=\"https:\/\/germany.iiba.org\/?gclid=CjwKCAiA24SPBhB0EiwAjBgkhk7f38IFH0UUXHTAqzacMINMM_pAgVoqP3FVJ04V8PuHfCDa2W6KfxoC0OgQAvD_BwE\" target=\"_blank\" rel=\"noopener noreferrer\"><\/a>\n              <a href=\"https:\/\/germany.iiba.org\/?gclid=CjwKCAiA24SPBhB0EiwAjBgkhk7f38IFH0UUXHTAqzacMINMM_pAgVoqP3FVJ04V8PuHfCDa2W6KfxoC0OgQAvD_BwE\" target=\"_blank\" rel=\"noopener noreferrer\"><\/a><\/span><span class=\"u-text-custom-color-5\" style=\"font-size: 1.125rem;\"><span class=\"u-custom-font u-font-montserrat\">\n                <a href=\"https:\/\/germany.iiba.org\/?gclid=CjwKCAiA24SPBhB0EiwAjBgkhk7f38IFH0UUXHTAqzacMINMM_pAgVoqP3FVJ04V8PuHfCDa2W6KfxoC0OgQAvD_BwE\" rel=\"noopener noreferrer\" target=\"_blank\"><\/a><\/span><\/span><span class=\"u-custom-font u-font-montserrat\" style=\"font-size: 1.125rem;\">\n              <a href=\"https:\/\/germany.iiba.org\/?gclid=CjwKCAiA24SPBhB0EiwAjBgkhk7f38IFH0UUXHTAqzacMINMM_pAgVoqP3FVJ04V8PuHfCDa2W6KfxoC0OgQAvD_BwE\" rel=\"noopener noreferrer\" target=\"_blank\"><\/a>\n              <a href=\"https:\/\/germany.iiba.org\/?gclid=CjwKCAiA24SPBhB0EiwAjBgkhk7f38IFH0UUXHTAqzacMINMM_pAgVoqP3FVJ04V8PuHfCDa2W6KfxoC0OgQAvD_BwE\" rel=\"noopener noreferrer\" target=\"_blank\"><\/a>\n              <a class=\"u-active-none u-border-none u-btn u-button-link u-button-style u-hover-none u-none u-text-custom-color-1 u-btn-1\" href=\"https:\/\/bioenergetic-therapy.com\/index.php\/de\" rel=\"noopener noreferrer\" target=\"_blank\"><span class=\"u-text-custom-color-1\" style=\"text-decoration: underline; font-weight: 600;\">IIBA (International Institute for Bioenergetic Analysis)<\/span>\n              <\/a>\n              <a href=\"https:\/\/germany.iiba.org\/?gclid=CjwKCAiA24SPBhB0EiwAjBgkhk7f38IFH0UUXHTAqzacMINMM_pAgVoqP3FVJ04V8PuHfCDa2W6KfxoC0OgQAvD_BwE\" rel=\"noopener noreferrer\" target=\"_blank\"><\/a>\n              <a href=\"https:\/\/germany.iiba.org\/?gclid=CjwKCAiA24SPBhB0EiwAjBgkhk7f38IFH0UUXHTAqzacMINMM_pAgVoqP3FVJ04V8PuHfCDa2W6KfxoC0OgQAvD_BwE\" rel=\"noopener noreferrer\" target=\"_blank\"><\/a><\/span><span class=\"u-text-custom-color-5\" style=\"font-size: 1.125rem;\"><span class=\"u-custom-font u-font-montserrat\">\n                <a href=\"https:\/\/germany.iiba.org\/?gclid=CjwKCAiA24SPBhB0EiwAjBgkhk7f38IFH0UUXHTAqzacMINMM_pAgVoqP3FVJ04V8PuHfCDa2W6KfxoC0OgQAvD_BwE\" rel=\"noopener noreferrer\" target=\"_blank\"><\/a><\/span><\/span>\n            <br>\n            <br><span class=\"u-text-custom-color-5\" style=\"font-size: 1.125rem;\"><span class=\"u-custom-font u-font-montserrat\">Membro da&nbsp;<\/span><\/span><span class=\"u-custom-font u-font-montserrat\" style=\"font-size: 1.125rem;\">\n              <a href=\"http:\/\/www.sgfba.de\/\" target=\"_blank\" rel=\"noopener noreferrer\"><\/a>\n              <a href=\"http:\/\/www.sgfba.de\/\" target=\"_blank\" rel=\"noopener noreferrer\"><\/a><\/span><span class=\"u-text-custom-color-5\" style=\"font-size: 1.125rem;\"><span class=\"u-custom-font u-font-montserrat\">\n                <a class=\"u-active-none u-border-none u-btn u-button-style u-hover-none u-none u-text-custom-color-1 u-btn-2\" href=\"http:\/\/www.sgfba.de\/\" target=\"_blank\"><span style=\"text-decoration: underline;\">Sociedade de Analise Bioenerg\u00e9tica do Sul da Alemanha (SGfBA)<\/span>\n                <\/a>&nbsp;<\/span><\/span>\n          <\/p>\n          <p style=\"line-height: 1.4;\"><span class=\"u-custom-font u-font-montserrat\" style=\"font-size: 1.125rem;\">Membro da<\/span><span style=\"font-size: 1.125rem;\"><span class=\"u-custom-font u-font-montserrat\">&nbsp;<\/span><\/span><span class=\"u-custom-font u-font-montserrat\" style=\"font-size: 1.125rem;\">\n              <a class=\"u-active-none u-border-none u-btn u-button-link u-button-style u-hover-none u-none u-text-custom-color-1 u-btn-3\" href=\"https:\/\/traumatherapie-emdr.eu\/\" rel=\"noopener noreferrer\" target=\"_blank\"><span style=\"text-decoration: underline;\">Sociedade Europeia de Terapia de Trauma e EMDR<\/span>\n              <\/a><\/span>\n          <\/p>\n          <p style=\"line-height: 1.4;\"><span style=\"font-size: 0.875rem;\">\n              <br><\/span>\n          <\/p>\n          <p style=\"line-height: 1.4;\"><span class=\"u-text-custom-color-1\" style=\"font-weight: 600;\"><span class=\"u-custom-font u-font-montserrat\" style=\"font-size: 1.125rem;\">Desde 2014:<\/span><\/span><span class=\"u-custom-font u-font-montserrat\" style=\"font-size: 1.125rem;\">&nbsp;Atua\u00e7\u00e3o em consult\u00f3rio pr\u00f3prio com clientes individuais e grupos<\/span>\n          <\/p>\n        <\/div>\n      <\/div>\n    <\/section>\n    <section class=\"u-clearfix u-section-4\" id=\"sec-653a\">\n      <div class=\"u-clearfix u-sheet u-valign-top u-sheet-1\">\n        <div class=\"custom-expanded u-clearfix u-custom-html u-custom-html-1\">\n          <style>body {\n  color: #768390;\n  background: #FFF;\n  padding: 0;\n  -webkit-font-smoothing: antialiased;\n}\nh1, h2, h3, h4, h5, h6 {\n  color: #3D4351;\n  margin-top: 0;\n}\na {\n  color: #cb6c4d;\n}\na:hover {\n  color: #cb6c4d;\n  text-decoration: none;\n}\n.example-header {\n  background: #3D4351;\n  color: #FFF;\n  font-weight: 300;\n  padding: 3em 1em;\n  text-align: center;\n}\n.example-header h1 {\n  color: #FFF;\n  font-weight: 300;\n  margin-bottom: 20px;\n}\n.example-header p {\n  font-size: 12px;\n  text-transform: uppercase;\n  letter-spacing: 3px;\n  font-weight: 700;\n}\n.container-fluid .row {\n  padding: 0 0 4em 0;\n}\n.container-fluid .row:nth-child(even) {\n  background: #F1F4F5;\n}\n.example-title {\n  text-align: center;\n  margin-bottom: 60px;\n  padding: 3em 0;\n  border-bottom: 1px solid #7f8983;\n}\n.example-title p {\n  margin: 0 auto;\n  font-size: 16px;\n  max-width: 400px;\n}\n\/*==================================\n    TIMELINE\n==================================*\/\n\/*-- GENERAL STYLES\n------------------------------*\/\n.timeline {\n  line-height: 1.4em;\n  list-style: none;\n  margin: 0;\n  padding: 0;\n  width: 100%;\n}\n.timeline h1, .timeline h2, .timeline h3, .timeline h4, .timeline h5, .timeline h6 {\n  line-height: inherit;\n}\n\/*----- TIMELINE ITEM -----*\/\n.timeline-item {\n  padding-left: 40px;\n  position: relative;\n\tfont-family: Poppins;\n\tcolor: #7f8983;\n}\n.timeline-item:last-child {\n  padding-bottom: 0;\n}\n\/*----- TIMELINE INFO -----*\/\n.timeline-info {\n  font-size: 16px;\n  font-family: Merriweather;\n  font-weight: 700;\n  margin: 0 0 0.5em 0;\n  white-space: nowrap;\n\tcolor: #cb6c4d;\n}\n\/*----- TIMELINE MARKER -----*\/\n.timeline-marker {\n  position: absolute;\n  top: 0;\n  bottom: 0;\n  left: 0;\n  width: 15px;\n}\n.timeline-marker:before {\n  background: #d18e88;\n  border: 1px solid transparent;\n  border-radius: 100%;\n  content: \"\";\n  display: block;\n  height: 15px;\n  position: absolute;\n  top: 4px;\n  left: 0;\n  width: 15px;\n  transition: background 0.3s ease-in-out, border 0.3s ease-in-out;\n}\n.timeline-marker:after {\n  content: \"\";\n  width: 3px;\n  background: #CCD5DB;\n  display: block;\n  position: absolute;\n  top: 24px;\n  bottom: 0;\n  left: 6px;\n}\n.timeline-item:last-child .timeline-marker:after {\n  content: none;\n}\n.timeline-item:not(.period):hover .timeline-marker:before {\n  background: transparent;\n  border: 3px solid #d18e88;\n}\n\/*----- TIMELINE CONTENT -----*\/\n.timeline-content {\n  padding-bottom: 40px;\n}\n.timeline-content p:last-child {\n  margin-bottom: 0;\n}\n\/*----- TIMELINE PERIOD -----*\/\n.period {\n  padding: 0;\n}\n.period .timeline-info {\n  display: none;\n}\n.period .timeline-marker:before {\n  background: transparent;\n  content: \"\";\n  width: 15px;\n  height: auto;\n  border: none;\n  border-radius: 0;\n  top: 0;\n  bottom: 30px;\n  position: absolute;\n  border-top: 1px solid #7f8983;\n  border-bottom: 1px solid #7f8983;\n}\n.period .timeline-marker:after {\n  content: \"\";\n  height: 32px;\n  top: auto;\n}\n.period .timeline-content {\n  padding: 40px 0 70px;\n}\n.period .timeline-title {\n  margin: 0;\n}\n\/*----------------------------------------------\n    MOD: TIMELINE SPLIT\n----------------------------------------------*\/\n@media (min-width: 768px) {\n  .timeline-split .timeline, .timeline-centered .timeline {\n    display: table;\n  }\n  .timeline-split .timeline-item, .timeline-centered .timeline-item {\n    display: table-row;\n    padding: 0;\n  }\n  .timeline-split .timeline-info, .timeline-centered .timeline-info,\n.timeline-split .timeline-marker,\n.timeline-centered .timeline-marker,\n.timeline-split .timeline-content,\n.timeline-centered .timeline-content,\n.timeline-split .period .timeline-info {\n    display: table-cell;\n    vertical-align: top;\n  }\n  .timeline-split .timeline-marker, .timeline-centered .timeline-marker {\n    position: relative;\n  }\n  .timeline-split .timeline-content, .timeline-centered .timeline-content {\n    padding-left: 30px;\n  }\n  .timeline-split .timeline-info, .timeline-centered .timeline-info {\n    padding-right: 30px;\n  }\n  .timeline-split .period .timeline-title, .timeline-centered .period .timeline-title {\n    position: relative;\n    left: -45px;\n  }\n}\n\/*----------------------------------------------\n    MOD: TIMELINE CENTERED\n----------------------------------------------*\/\n@media (min-width: 992px) {\n  .timeline-centered,\n.timeline-centered .timeline-item,\n.timeline-centered .timeline-info,\n.timeline-centered .timeline-marker,\n.timeline-centered .timeline-content {\n    display: block;\n    margin: 0;\n    padding: 0;\n  }\n  .timeline-centered .timeline-item {\n    padding-bottom: 40px;\n    overflow: hidden;\n  }\n  .timeline-centered .timeline-marker {\n    position: absolute;\n    left: 50%;\n    margin-left: -7.5px;\n  }\n  .timeline-centered .timeline-info,\n.timeline-centered .timeline-content {\n    width: 50%;\n  }\n  .timeline-centered > .timeline-item:nth-child(odd) .timeline-info {\n    float: left;\n    text-align: right;\n    padding-right: 30px;\n  }\n  .timeline-centered > .timeline-item:nth-child(odd) .timeline-content {\n    float: right;\n    text-align: left;\n    padding-left: 30px;\n  }\n  .timeline-centered > .timeline-item:nth-child(even) .timeline-info {\n    float: right;\n    text-align: left;\n    padding-left: 30px;\n  }\n  .timeline-centered > .timeline-item:nth-child(even) .timeline-content {\n    float: left;\n    text-align: right;\n    padding-right: 30px;\n  }\n  .timeline-centered > .timeline-item.period .timeline-content {\n    float: none;\n    padding: 0;\n    width: 100%;\n    text-align: center;\n  }\n  .timeline-centered .timeline-item.period {\n    padding: 50px 0 90px;\n  }\n  .timeline-centered .period .timeline-marker:after {\n    height: 30px;\n    bottom: 0;\n    top: auto;\n  }\n  .timeline-centered .period .timeline-title {\n    left: auto;\n  }\n}\n\/*----------------------------------------------\n    MOD: MARKER OUTLINE\n----------------------------------------------*\/\n.marker-outline .timeline-marker:before {\n  background: transparent;\n  border-color: #FF6B6B;\n}\n.marker-outline .timeline-item:hover .timeline-marker:before {\n  background: #FF6B6B;\n}<\/style>\n          <div class=\"col-sm-8 col-sm-offset-2 col-xs-10 col-xs-offset-1\">\n            <ul class=\"timeline\">\n              <li class=\"timeline-item\">\n                <div class=\"timeline-info\"><span>2025 - 2026<\/span>\n                <\/div>\n                <div class=\"timeline-marker\"><\/div>\n                <div class=\"timeline-content\">\n                  <p>Weiterbildung in spezieller Psychotraumatherapie (<a href=\"https:\/\/www.wieslocher-institut.com\/\">Instituto de Solu\u00e7\u00f5es Sist\u00eamicas de Wiesloch<\/a> com Ulrike Reddemann e Minh-Tuyen Tran)\n                  <\/p>\n                <\/div>\n              <\/li>\n              <li class=\"timeline-item\">\n                <div class=\"timeline-info\"><span>2025<\/span>\n                <\/div>\n                <div class=\"timeline-marker\"><\/div>\n                <div class=\"timeline-content\">\n                  <p>Forma\u00e7\u00e3o em EMDR (com Peter Gerecke da <a href=\"https:\/\/traumatherapie-emdr.eu\/\">Sociedade Europeia de Terapia de Trauma e EMDR<\/a>\/<a href=\"https:\/\/www.pfalz-nlp.de\/\">Pfalz NLP Academy)<\/a>\n                  <\/p>\n                <\/div>\n              <\/li>\n              <li class=\"timeline-item\">\n                <div class=\"timeline-info\"><span>2017<\/span>\n                <\/div>\n                <div class=\"timeline-marker\"><\/div>\n                <div class=\"timeline-content\">\n                  <p><i>Heilpraktikerin Psychotherapie<\/i> (certificado oficial da Alemanha de medicina alternativa na \u00e1rea de psicoterapia)<\/p>\n                <\/div>\n              <\/li>\n              <li class=\"timeline-item\">\n                <a href=\"https:\/\/www.wieslocher-institut.com\/\">\n                  <div class=\"timeline-info\"><span>2010 - 2015<\/span>\n                  <\/div>\n                  <div class=\"timeline-marker\"><\/div>\n                <\/a>\n                <div class=\"timeline-content\">\n                  <a href=\"https:\/\/www.wieslocher-institut.com\/\"><\/a>\n                  <p>\n                    <a href=\"https:\/\/www.wieslocher-institut.com\/\">Forma\u00e7\u00f5es em <\/a>\n                    <a href=\"https:\/\/www.david-berceli.com\/\">TRE\u00a9 (segundo David Berceli)<\/a>, Conversa T\u00e1til (nach Fabiana Deus), <a href=\"http:\/\/www.biosynthesis.org\/index.html\">Bioss\u00edntese (segundo David Boadella)<\/a> e <a href=\"https:\/\/sacredecstatics.com\/\">Shanking (segundo Bradford Keeney)<\/a>\n                  <\/p>\n                <\/div>\n              <\/li>\n              <li class=\"timeline-item\">\n                <div class=\"timeline-info\"><span>2010 - 2015<\/span>\n                <\/div>\n                <div class=\"timeline-marker\"><\/div>\n                <div class=\"timeline-content\">\n                  <p>Forma\u00e7\u00e3o em psicoterapia corporal de base psicodin\u00e2mica (An\u00e1lise Bioenerg\u00e9tica) na <a href=\"https:\/\/www.bioenergetica.com.br\/instituto\/\">IABSP<\/a> em S\u00e3o Paulo, Brasil, conclus\u00e3o como Analista Bioenerg\u00e9tico Certificado (CBT)\n                  <\/p>\n                  <p><i>Foco:<\/i> Traumas, especialmente sobre o desenvolvimento de traumas e sua cura na an\u00e1lise bioenerg\u00e9tica\n                  <\/p>\n                <\/div>\n              <\/li>\n              <li class=\"timeline-item\">\n                <div class=\"timeline-info\"><span>2005 - 2015<\/span>\n                <\/div>\n                <div class=\"timeline-marker\"><\/div>\n                <div class=\"timeline-content\">\n                  <p>Professora no Col\u00e9gio Humboldt, S\u00e3o Paulo<\/p>\n                <\/div>\n              <\/li>\n              <li class=\"timeline-item\">\n                <div class=\"timeline-info\"><span>2012<\/span>\n                <\/div>\n                <div class=\"timeline-marker\"><\/div>\n                <div class=\"timeline-content\">\n                  <p>Oberstudienr\u00e4tin<\/p>\n                <\/div>\n              <\/li>\n              <li class=\"timeline-item\">\n                <div class=\"timeline-info\"><span>Desde 1998<\/span>\n                <\/div>\n                <div class=\"timeline-marker\"><\/div>\n                <div class=\"timeline-content\">\n                  <p>Professora (psicologia, franc\u00eas, alem\u00e3o como l\u00edngua estrangeira, e teologia)<\/p>\n                <\/div>\n              <\/li>\n            <\/ul>\n          <\/div>\n        <\/div>\n      <\/div>\n    <\/section>","protected":false},"excerpt":{"rendered":"<p>Was mir wichtig ist: Mit meiner Arbeit m\u00f6chte ich Menschen helfen,&nbsp;sich selbst besser kennen zu lernen,&nbsp;Blockaden und ihre Ursachen zu erkennen,&nbsp;sie zu l\u00f6sen,&nbsp;die eigene Energie wieder zum Flie\u00dfen zu bringen,sicheren Boden zu gewinnen,&nbsp;und damit zu mehr Lebensfreude zu finden. Kirsten Barabas Tiefenpsychologisch fundierte K\u00f6rperpsychotherapie (HpG) Mitglied beim&nbsp; IIBA (International Institute for Bioenergetic Analysis) Mitglied der&nbsp; &hellip; <a href=\"https:\/\/praxis-kirsten-barabas.de\/pt_br\/ueber-mich\/\" class=\"more-link\">Continue reading<span class=\"screen-reader-text\"> &#8222;\u00dcber mich&#8220;<\/span><\/a><\/p>","protected":false},"author":1,"featured_media":0,"parent":0,"menu_order":2,"comment_status":"closed","ping_status":"closed","template":"","meta":{"footnotes":""},"class_list":["post-43","page","type-page","status-publish","hentry"],"_links":{"self":[{"href":"https:\/\/praxis-kirsten-barabas.de\/pt_br\/wp-json\/wp\/v2\/pages\/43","targetHints":{"allow":["GET"]}}],"collection":[{"href":"https:\/\/praxis-kirsten-barabas.de\/pt_br\/wp-json\/wp\/v2\/pages"}],"about":[{"href":"https:\/\/praxis-kirsten-barabas.de\/pt_br\/wp-json\/wp\/v2\/types\/page"}],"author":[{"embeddable":true,"href":"https:\/\/praxis-kirsten-barabas.de\/pt_br\/wp-json\/wp\/v2\/users\/1"}],"replies":[{"embeddable":true,"href":"https:\/\/praxis-kirsten-barabas.de\/pt_br\/wp-json\/wp\/v2\/comments?post=43"}],"version-history":[{"count":60,"href":"https:\/\/praxis-kirsten-barabas.de\/pt_br\/wp-json\/wp\/v2\/pages\/43\/revisions"}],"predecessor-version":[{"id":737,"href":"https:\/\/praxis-kirsten-barabas.de\/pt_br\/wp-json\/wp\/v2\/pages\/43\/revisions\/737"}],"wp:attachment":[{"href":"https:\/\/praxis-kirsten-barabas.de\/pt_br\/wp-json\/wp\/v2\/media?parent=43"}],"curies":[{"name":"wp","href":"https:\/\/api.w.org\/{rel}","templated":true}]}}