{"id":409,"date":"2022-01-14T13:26:39","date_gmt":"2022-01-14T12:26:39","guid":{"rendered":"https:\/\/praxis-kirsten-barabas.de\/?page_id=409"},"modified":"2025-05-04T16:39:31","modified_gmt":"2025-05-04T14:39:31","slug":"wo-ich-arbeite","status":"publish","type":"page","link":"https:\/\/praxis-kirsten-barabas.de\/pt_br\/wo-ich-arbeite\/","title":{"rendered":"Onde trabalho"},"content":{"rendered":"<section class=\"u-align-center u-clearfix u-container-align-center u-image u-shading u-section-2\" src=\"\" data-image-width=\"2048\" data-image-height=\"1365\" id=\"sec-ccc7\" style=\"background-image: linear-gradient(0deg, rgba(0, 0, 0, 0.1), rgba(0, 0, 0, 0.1)), url(&quot;https:\/\/praxis-kirsten-barabas.de\/wp-content\/uploads\/2022\/01\/IMG_0015-2.jpg&quot;);\">\n      <div class=\"u-clearfix u-sheet u-sheet-1\">\n        <h1 class=\"u-align-right u-text u-text-default u-text-1\">O consult\u00f3rio<\/h1>\n        <lt-highlighter style=\"display: none; z-index: 1 !important;\">\n          <lt-div spellcheck=\"false\" class=\"lt-highlighter__wrapper\" style=\"width: 239px; height: 32px; transform: none !important; transform-origin: 119.354px 16px !important; zoom: 1 !important; margin-top: -85px; margin-left: 901px;\">\n            <lt-div class=\"lt-highlighter__scrollElement\" style=\"top: 0px; left: 0px; width: 239px; height: 32px;\"><\/lt-div>\n          <\/lt-div>\n        <\/lt-highlighter>\n        <p class=\"u-align-right u-large-text u-text u-text-variant u-text-2\">Onde trabalho<br>\n        <\/p>\n      <\/div>\n    <\/section>\n    <section class=\"u-align-center u-clearfix u-container-align-center u-section-3\" id=\"carousel_3ba5\">\n      <div class=\"data-layout-selected u-clearfix u-gutter-0 u-layout-wrap u-layout-wrap-1\">\n        <div class=\"u-gutter-0 u-layout\">\n          <div class=\"u-layout-row\">\n            <div class=\"u-container-style u-layout-cell u-size-28 u-layout-cell-1\">\n              <div class=\"u-container-layout u-valign-middle u-container-layout-1\">\n                <lt-highlighter style=\"display: none; z-index: 1 !important;\">\n                  <lt-div spellcheck=\"false\" class=\"lt-highlighter__wrapper\" style=\"width: 509px; height: 439px; transform: none !important; transform-origin: 254.667px 219.307px !important; zoom: 1 !important; margin-top: 0px;\">\n                    <lt-div class=\"lt-highlighter__scrollElement\" style=\"top: 0px; left: 0px; width: 509px; height: 439px;\">\n                      <canvas class=\"lt-highlighter__canvas\" width=\"454\" height=\"261\" style=\"display: none; top: 48px; left: 0px;\"><\/canvas>\n                    <\/lt-div>\n                  <\/lt-div>\n                <\/lt-highlighter>\n                <p class=\"u-text u-text-1\"> Meu consult\u00f3rio est\u00e1 localizado em Heidelberg, no bairro de Ziegelhausen. Com os meios de transporte p\u00fablico, o consult\u00f3rio pode ser acessado a p\u00e9 numa caminhada de em torno 10 minutos a partir dos pontos \u201eOrthop\u00e4dische Klinik\u201c, \u201eKleingem\u00fcnder Stra\u00dfe Ost\u201c ou \u201eKleingem\u00fcnder Stra\u00dfe\u201c. Dos dois lados da \u201cKleingem\u00fcnder Stra\u00dfe\u201d, h\u00e1 op\u00e7\u00f5es de estacionamento.&nbsp;<br>\n                  <br> &nbsp; <span class=\"u-file-icon u-icon u-text-custom-color-5\"><img decoding=\"async\" src=\"data:image\/png;base64,iVBORw0KGgoAAAANSUhEUgAAAIAAAACACAYAAADDPmHLAAAAAXNSR0IArs4c6QAABjJJREFUeF7tnM1u3DAMhJun7ikoip7y1C2MwK3jrk3KmuGfmOvuSuTMp6G8C+TtW9G\/Hx+\/fiNb+\/n9\/Q25XpS1SjWFNv3KpEowpAfAyvSqMKQEwNv0SjCkAiCq8WcgMo2IFABkMT4jCKEBYBgvnU6PPT2fCEICgDBBMnpU9Ig1jfbw6v3hAJgRGm36lcAZatTCEQqAJ8JamY6EwbvmYy9hABg1P5KIm6BZ63cHIKtwqETwBtkVgBHzvYXSztT9fVl6cwMgi0Cjxh\/fn6FHFwC0wmQ79bNjwaNfcwBWM390JFhDEBIAaxFmYn7ksxr4rXs3BSCiACMGIt4bTQMzAKI1jjDz6RqRtDABIFLDT01Dfy6KJnQAojSKNhCxXgRt3AGwvvQgjEOuIUHA1ocKgHdzT7+U2T7HFn6kNmYtpQGQANSeZKYBmh+SmPvTAJDEZzUl7as1\/ep9XnWz9nUBgNUM2\/wdCo\/6WXtSAJCMQDcj7Td76q3SQOoDrdvWFxwA6yak\/Vjms9JA6gcNQWoAJLHuzD8LiVxrBjqpjtQAIIuXhDqbMLo3e\/07SO72Hu1DghGaAJJoqOKlfY5Nz+5puZf2p+PZno76mAGAKlprCGo\/rSnoO4FVCqQCwMt8DwjSAcAuWGM++tRfzU+rWtiaQh8D2cVKoluZr00DRD1sTdMAEM18KwjSAMAudFUApB+KECkDuQQyAYhqfpUUSA0A4gRIX5RoXvc6AIj+GwCNw8J7GoCL\/8k3SyhTWIDvX5Zg1nq19qy+sKcAVoFMURuATwWoI2CW0Abg0yTWAWsAgDHAhDU0AFkbB3r\/dymWUUyNp0cAsziWoAzzmVHN1LgBANLAAnZJAJhNAz03eRRkatEJAKShE+AkJusxcHZdoOeqBJittxMADFYD8E+B6RGQ9faLhoB5Slmjpb8IAlLQAFyIOTP\/mKICvb\/9unZ7MbIG1BEw2\/zdeEGsjYKACSpzbfoIQJjEFgABAbNG5trpAUAANgvAnUGI+lIAwIxqtsCRAWCbD0sAJgDS2ohT9hQCNpwNwMEZttijEFjUUwYAxCmVBEfsoYXAohZpj5lHy2OfkMfAfUE2sZIoFhBY1cDWcvesHABMCDTmo\/YvB4CFMOcIR8Wk1nirHlF9QZ8CrMaA5qngCMKsWNbmS\/3N9nM+JNARIBWPOiGafV5d6LTijZi+76NdW7poSnuj9qHcASxT4CkEkgFPXkeaYjX73QBApkAECKzMR+tGBUAyBimaJnWenGrpM9Y9MPajXAK1hjAakuanZKr2dY\/aGXtSAfBIAS18WqPP72OZ4KkV\/CngKJp0IpmComCIUCOzBioAnmTfnfIrMJlCP6mHdfE71uIKgEWDT+Pe6nPeKUkHQEqBlSHwNp9+CdTOYa\/otTrlV\/ssA0CnwP8IRDDfLAE6Cb4CEMX8BsBpBiwLQI+C63\/4tLNofR8yeQo4H7RIJ8AyBCL23QAYEtAAHMSOKAaThaj9uiTAak8FUc03fwpY9S7QANxka2RxECMhen+uI6D6KIhuvvsIaADe3Q+gewFVIchw+sMkQDUIspjfACBueS\/WaAAmhM0k3qs2s9Uf5g5wFDObiJlHWAMwkVYVvtgKCUDGn42zplZaADZIrH87vwoLyfxItZ57CAtAphSQAIgC6iuAQwOQAYLM5of7HuDJY5VnvErme9amvduGT4DIKSABEDn6d0BSABARggrmpxgB2i9ZLONWMt+yFm3UX70vTQJESgEJgAzRn24EaJOALX4l81ONAC0AzPiVzGfuPRv1JUaAFgJWCkgAsPZlmZ8yAbwgqGh+aQCQcSyZj9yLedpfrZ3qKeDcgGQMKpKt9rE2P3UCWI2CyuYvAcBMPEvmz6ztcdrLjQB2CkgAoEaMJwyp7wBH4dBmodfzNPlu72UAGIlryfyRtaIav9dVBoCtIck4bWSj1olufolLIPrRcCXzlwTgLr4l8ytFf8kRMPtUIAGgHSEZor80AE\/uAyuaX3IEaFPgGOeS+RWjv3wCjKSABEDF6F8CAA0E0ryubH7pETAyCu4gaACkI5LgdSnir1qobv4SCfA0CVYwvwG4Sa8GIEG0j5aoHQWrmL9UAmhHwUrmb5r8AW75MMyRWF8QAAAAAElFTkSuQmCC\" alt=\"\"><\/span> &nbsp;Kleingem\u00fcnder\nStra\u00dfe 111\/4&nbsp;<br>&nbsp; &nbsp; &nbsp; 69118\nHeidelberg<br>\n                  <br> &nbsp; <span class=\"u-file-icon u-icon u-text-custom-color-5\"><img decoding=\"async\" src=\"data:image\/png;base64,iVBORw0KGgoAAAANSUhEUgAAAIAAAACACAYAAADDPmHLAAAAAXNSR0IArs4c6QAABitJREFUeF7tnMGS1DAMRHe\/mhNFUZz4aqhAZQnZTNwtS7LsNNexZVvvWXbC7Ly\/Bfz79vPHLyTs9y9f35F2ahOXAVcAKPjzciRCHOBWZDcBrPD3CUqCFqqYz7sF6AV\/XJYkiIF8F7VLAE\/4qgT58LcRzQJEwJcE+RKYBIiELwlyJaAFYOGfz3Wmv+4E8TJQAnjBY+JsKZAIcSLAAjDQEGDe8eJStHZkSIAoWFFx10bmu7qmANGQouP7pmu9aLcCZMHJGmc9fP0reilANpTs8fpTt0aESwFGwRg17hoobav4JMBoCKPHt6Vx3l5mAZBHPWtaJIE1c3y\/\/wRAEx8Jf18COhe9KOKhH3t8CIAmPAO+JOiDyvSmBMiELwkYjPa2fwRAdv8I+JLADhbtOYUAqKT7okfKiia+SjtIgCoJRSqVJODUem8ltQp89jioNm8OS17r6QRgjgNJ0BZpSgFQCSTAwgJIgjZcpMVtBZhhB812h0GgZLaRAJnZLjiWBCgIJXNKEiAz2wXHkgAFoWROaWoBWhfALZEzXGQzgZ\/HmvY9APIYKPhttaYVQLu\/DRdpMaUACHyVfwT\/29t0Agg+BhZtNZUAgo9ixdtN830AwcehMi2nEACFr3OfQf+3bXkBBJ+HyvQoLYDgMyhtbeGvhWe\/VBF8G1C2V0kBBJ\/FaG9fTgDBt8O09KT+NjD6GBB8C8K+PlMKEC1iX0rn6l1GAHT3C76vYJQAkS9aEAEE3xf+x4ugY9gWiEgII8f2T+0cEU2\/EBIlgQTIl8b0I1GjBIg8gvJTX2NEkwCRIFQFcsUw\/06gqkAuqKjRygmwLVRVIAr357hmAUYeA5Fj56W+xkhdvxUcdQwgVUAS+AjUJUAkhNYxsC8\/UkKfFNeO4vJz8VEQEAmixq6NzW920wsQWYX80lw3UlOA0ecxUgUkgV2w8gKgAkoCmwSQACiEyPMYqQSR49vSW7\/XUgKoCvDCwQLMUgUkAScBJYAk4JI7Q+vpBEAlVCXA9KMFQAFEXsiQC6HeFA4WIHoHSgIMcKuVqQJUqALoHFQJ7hUwC4ACiDwK0DlIgtcShAsQfRRIglaRD6wAaPKjqwA6j2qV4O4ek5GzLR9dFWBPKHIhy1gQMo\/REjBzzKieaQJkLKZ6JWDhH4t31AZyEYBJfNRCjsliEp0xHyY\/dyd2xFzdBEAXGbGIq6RVkYCZB3Kd885fugBZRwEqZGSZ9YYfcX9xFYBJurfJr3YPC8FrXuy4yO6PkNVdAEnQ\/sMWFvar9h6yhgiwggTWo4rd+VcQmRi9EjxGAEZKa6n1BOcZ667ihAnAJLzXYqakMollRGDiouuNiHnOVagAVSVg5oVIEAkqMva2tnABmGSjO4PZ8XdtmeS+EoGJYV1f5BgpAqwoASuhFf4+TpQEaQJUloCZGwve+jRxNU6EBCUF8EwaA4xJMBq3d+efx2HmiIydKgC705AFoCDQdkyCWzGj5s\/MsTWHdAFmkICd45UIrcS35Gl97iXBEAHYBEcn0\/tJIWu+HhIME2AmCZi5ZsH3ejoYKgCT2FEXw2N1aO24bPgeEgwXYDYJrpI+Cjwj57Htcb4lBJhVgtZFLfvzVoW6kqCMAJLARxdUgr0KlBKAlaDCvcAHm28URoJyAkgCHxkQCbYqUFIASZAnQVkBJEGOBKUFkAT9ErSOgvICWF526HL4T5xlBFA1sFeDOwmmqQDWSvD0arBUBZAEfBVYUgDLcbCnrsJ7ex6jrUcL\/hZ1uiPgnApkkec+T5EAyc30AlirweoSIPBLvwlkix6y4KuYK4qA5mIpAXouiCs9KTDwl7gDXO1qNAmrVQR03SW\/EMKWfKQ9mpAVRGDW+hgBrBfE2R4ZrfCXPQKedCz0wH+UAL3VoOJFsRf+4wTofVI4VpbRj48e8B8rwOwieMF\/vACeImQdEZ7wJcChpjOJbT2CRh0PzBzROSzxfwEtIMznTJLRuCiMV\/HYOTHjSYAXWWeTjsqAHhXW8Rn4OgIAalYQQGj3Jix8CUAiqCyDBb4EIAXwfmowDv+pmxW+BHAgMLoq9MCXAA4CjKoKveD3eespwFGCY6ioyuAFXgIEgfd6lj\/G8YZ+jP0bchUnl0WB6SQAAAAASUVORK5CYII=\" alt=\"\"><\/span> &nbsp;\u200b&nbsp;+49 6221 36 17 682\n                <\/p>\n              <\/div>\n            <\/div>\n            <div class=\"u-container-style u-layout-cell u-size-32 u-layout-cell-2\">\n              <div class=\"u-container-layout u-container-layout-2\">\n                <div class=\"u-expanded u-grey-light-2 u-map\">\n                  <div class=\"embed-responsive\">\n                    <iframe class=\"embed-responsive-item\" src=\"https:\/\/www.google.com\/maps\/embed?pb=!1m18!1m12!1m3!1d2749.8767326927773!2d8.759748355213587!3d49.41764313997361!2m3!1f0!2f0!3f0!3m2!1i1024!2i768!4f13.1!3m3!1m2!1s0x4797c16384a4d6fb%3A0x54f442ca750f42c0!2sPraxis%20Kirsten%20Barabas!5e0!3m2!1sde!2sde!4v1642340732443!5m2!1sde!2sde\" data-map=\"JTdCJTIycG9zaXRpb25UeXBlJTIyJTNBJTIybWFwLWVtYmVkJTIyJTJDJTIyYWRkcmVzcyUyMiUzQSUyMkJpb2VuZXJnZXRpc2NoZSUyMEFuYWx5c2UlMjBIZWlkZWxiZXJnJTVDblByYXhpcyUyMEtpcnN0ZW4lMjBCYXJhYmFzJTIyJTJDJTIyem9vbSUyMiUzQTExJTJDJTIydHlwZUlkJTIyJTNBJTIycm9hZCUyMiUyQyUyMmxhbmclMjIlM0FudWxsJTJDJTIyYXBpS2V5JTIyJTNBJTIyUHJheGlzJTIwS2lyc3RlbiUyMEJhcmFiYXMlMjIlMkMlMjJtYXJrZXJzJTIyJTNBJTVCJTVEJTJDJTIyZW1iZWQlMjIlM0ElMjJodHRwcyUzQSUyRiUyRnd3dy5nb29nbGUuY29tJTJGbWFwcyUyRmVtYmVkJTNGcGIlM0QhMW0xOCExbTEyITFtMyExZDI3NDkuODc2NzMyNjkyNzc3MyEyZDguNzU5NzQ4MzU1MjEzNTg3ITNkNDkuNDE3NjQzMTM5OTczNjEhMm0zITFmMCEyZjAhM2YwITNtMiExaTEwMjQhMmk3NjghNGYxMy4xITNtMyExbTIhMXMweDQ3OTdjMTYzODRhNGQ2ZmIlMjUzQTB4NTRmNDQyY2E3NTBmNDJjMCEyc1ByYXhpcyUyNTIwS2lyc3RlbiUyNTIwQmFyYWJhcyE1ZTAhM20yITFzZGUhMnNkZSE0djE2NDIzNDA3MzI0NDMhNW0yITFzZGUhMnNkZSUyMiU3RA==\"><\/iframe>\n                  <\/div>\n                <\/div>\n              <\/div>\n            <\/div>\n          <\/div>\n        <\/div>\n      <\/div>\n    <\/section>","protected":false},"excerpt":{"rendered":"<p>Die Praxis Wo ich arbeite Meine Praxis befindet sich im Heidelberger Stadtteil Ziegelhausen und liegt jeweils ca. 10 Gehminuten von den Haltestellen \u201eOrthop\u00e4dische Klinik\u201c oder \u201eKleingem\u00fcnder Stra\u00dfe Ost\u201c bzw. \u201eKleingem\u00fcnder Stra\u00dfe\u201c entfernt. Ausreichend Parkm\u00f6glichkeiten finden Sie rechts und links der Kleingem\u00fcnder Stra\u00dfe.&nbsp; &nbsp; &nbsp;Kleingem\u00fcnder Stra\u00dfe 111\/4&nbsp;&nbsp; &nbsp; &nbsp; 69118 Heidelberg &nbsp; &nbsp;\u200b&nbsp;+49 6221 36 17 &hellip; <a href=\"https:\/\/praxis-kirsten-barabas.de\/pt_br\/wo-ich-arbeite\/\" class=\"more-link\">Continue reading<span class=\"screen-reader-text\"> &#8222;Wo ich arbeite&#8220;<\/span><\/a><\/p>","protected":false},"author":1,"featured_media":0,"parent":0,"menu_order":0,"comment_status":"closed","ping_status":"closed","template":"","meta":{"footnotes":""},"class_list":["post-409","page","type-page","status-publish","hentry"],"_links":{"self":[{"href":"https:\/\/praxis-kirsten-barabas.de\/pt_br\/wp-json\/wp\/v2\/pages\/409","targetHints":{"allow":["GET"]}}],"collection":[{"href":"https:\/\/praxis-kirsten-barabas.de\/pt_br\/wp-json\/wp\/v2\/pages"}],"about":[{"href":"https:\/\/praxis-kirsten-barabas.de\/pt_br\/wp-json\/wp\/v2\/types\/page"}],"author":[{"embeddable":true,"href":"https:\/\/praxis-kirsten-barabas.de\/pt_br\/wp-json\/wp\/v2\/users\/1"}],"replies":[{"embeddable":true,"href":"https:\/\/praxis-kirsten-barabas.de\/pt_br\/wp-json\/wp\/v2\/comments?post=409"}],"version-history":[{"count":9,"href":"https:\/\/praxis-kirsten-barabas.de\/pt_br\/wp-json\/wp\/v2\/pages\/409\/revisions"}],"predecessor-version":[{"id":650,"href":"https:\/\/praxis-kirsten-barabas.de\/pt_br\/wp-json\/wp\/v2\/pages\/409\/revisions\/650"}],"wp:attachment":[{"href":"https:\/\/praxis-kirsten-barabas.de\/pt_br\/wp-json\/wp\/v2\/media?parent=409"}],"curies":[{"name":"wp","href":"https:\/\/api.w.org\/{rel}","templated":true}]}}