{"id":288,"date":"2022-01-08T13:23:18","date_gmt":"2022-01-08T12:23:18","guid":{"rendered":"https:\/\/praxis-kirsten-barabas.de\/288-2\/"},"modified":"2026-02-26T18:59:36","modified_gmt":"2026-02-26T17:59:36","slug":"aktuelle-angebote","status":"publish","type":"page","link":"https:\/\/praxis-kirsten-barabas.de\/pt_br\/aktuelle-angebote\/","title":{"rendered":"Atualidades"},"content":{"rendered":"<section class=\"u-align-center u-clearfix u-container-align-center u-image u-shading u-section-2\" src=\"\" data-image-width=\"1280\" data-image-height=\"853\" id=\"sec-09b5\" style=\"background-image: linear-gradient(0deg, rgba(0, 0, 0, 0.25), rgba(0, 0, 0, 0.25)), url(&quot;https:\/\/praxis-kirsten-barabas.de\/wp-content\/uploads\/2023\/02\/2e14c65fc28ae276e0a320e6af56da2da7207ef786dfc9580c1845a370ba7655dc544cd592bd3743cace6221282be1c146ba64d1d93bc431509353_1280.jpg&quot;);\">\n      <div class=\"u-clearfix u-sheet u-sheet-1\">\n        <h1 class=\"u-align-left u-text u-text-body-alt-color u-text-1\">Ofertas atuais<\/h1>\n      <\/div>\n    <\/section>\n    <section class=\"u-clearfix u-white u-section-3\" id=\"sec-8606\">\n      <div class=\"u-clearfix u-sheet u-valign-bottom-lg u-valign-bottom-md u-valign-bottom-sm u-valign-bottom-xs u-sheet-1\">\n        <p class=\"u-align-justify u-text u-text-1\"><span style=\"font-size: 1.125rem;\" class=\"u-text-grey-50\">Auch das Jahr 2026 beginnt f\u00fcr viele Menschen mit Unsicherheiten und hohen Belastungen. In solch herausfordernden Zeiten ist es besonders wichtig, wieder sicheren Boden unter den F\u00fc\u00dfen zu sp\u00fcren und unser vegetatives&nbsp; Nervensystem zu stabilisieren.\nUm handlungsf\u00e4hig zu bleiben und uns innerlich getragen zu f\u00fchlen, brauchen wir Momente der Regulation, Ruhe und Erdung. Die bewusste Aktivierung des Parasympathikus \u2013 insbesondere des Vagusnervs \u2013 kann uns dabei unterst\u00fctzen, Stress abzubauen und wieder mehr innere Stabilit\u00e4t zu entwickeln.&nbsp;<br>Die achtsame bioenergetische&nbsp;<span class=\"u-text-custom-color-14\" style=\"font-weight: 700;\">move &amp; flow - Praxis<\/span>&nbsp;verbindet Erdung, Atmung, Vibration und sanften Ausdruck unserer tiefen Gef\u00fchle. Die bioenergetischen \u00dcbungen sind ressourcenorientiert und unterst\u00fctzen Dich dabei, Dich wieder besser zu sp\u00fcren, Dich sicherer in Deinem K\u00f6rper zu verankern und Entspannung zuzulassen \u2013 in Deinem eigenen Tempo.&nbsp;<br>Ich freue mich darauf, Dich auf diesem Weg zu begleiten!<\/span>\n          <br>\n          <br>\n        <\/p>\n      <\/div>\n    <\/section>\n    <section class=\"u-clearfix u-white u-section-4\" id=\"sec-04ab\">\n      <div class=\"u-clearfix u-sheet u-valign-middle-lg u-valign-middle-md u-valign-middle-sm u-valign-middle-xs u-valign-top-xl u-sheet-1\">\n        <p class=\"u-align-justify-lg u-align-justify-md u-align-justify-sm u-align-justify-xl u-align-left-xs u-text u-text-custom-color-10 u-text-1\"><span style=\"font-weight: 700;\"><\/span><span style=\"font-size: 1.5rem;\" class=\"u-text-palette-1-base\"><b><span class=\"u-text-grey-50\"><span class=\"u-text-custom-color-14\">move &amp; flow - Angebote im ersten Semester 2026 an der vhs HD und der vhs Wiesloch:&nbsp;<\/span>\n                <br>Eine Auszeit nur f\u00fcr Dich!&nbsp;<\/span><\/b><\/span>\n          <br><span class=\"u-text-grey-50\">Nimm Dir ein paar Stunden Zeit f\u00fcr Dich, um Dich wieder neu zu erden und zu zentrieren. Alle Veranstaltungen werden von meiner Kollegin Emanuela Previteira und mir gemeinsam angeboten. Wir freuen uns auf Dich!<\/span>\n          <br>\n          <br><b><span style=\"font-size: 1.25rem;\">1.&nbsp;<\/span><\/b><b style=\"font-size: 1.25rem;\"><\/b><b><span style=\"font-size: 1.25rem;\">move &amp; flow - Abendkurs:&nbsp;&nbsp;Mehr Stressresilienz durch bioenergetische K\u00f6rpererfahrung<\/span>\n            <br><span class=\"u-text-grey-50\">Durch achtsame bioenergetische \u00dcbungen Dein parasympathisches Nervensystem aktivieren und so deine Stressresilienz vertiefen:<\/span><\/b>\n          <br><b>Acht Termine: j<\/b><b>eweils mittwochs, 18.15 - 19.45 Uhr<\/b>\n          <br><span class=\"u-text-grey-50\">Mittwoch, 04.03.2026,\n     18:15-19:45 Uhr<br> Mittwoch, 11.03.2026,&nbsp; &nbsp;18:15-19:45 Uhr<br> Mittwoch, 18.03.2026, 18:15-19:45 Uhr<br> Mittwoch, 25.03.2026,\n     18:15-19:45 Uhr<br> Mittwoch, 15.04.2026,\n     18:15-19:45 Uhr<br> Mittwoch, 22.04.2026,\n     18:15-19:45 Uhr<br> Mittwoch, 29.04.2026,\n     18:15-19:45 Uhr<br> Mittwoch, 06.05.2026,\n     18:15-19:45 Uhr<\/span>\n          <br>\n          <br><b>volkshochschule Heidelberg<\/b>\n          <br><span class=\"u-text-grey-50\">Bergheimer Stra\u00dfe 76, U 08<br>69115 Heidelberg<br>Mais informa\u00e7\u00f5es e inscri\u00e7\u00f5es diretamente<\/span>\n          <a href=\"https:\/\/www.vhs-hd.de\/kurs\/30281742\" target=\"_blank\" class=\"u-active-none u-border-none u-btn u-button-link u-button-style u-hover-none u-none u-text-custom-color-1 u-btn-1\">aqui<\/a>.<br>\n          <br><span style=\"font-weight: 700;\">An wen richtet sich der Abendkurs?&nbsp;<\/span>\n          <br><span class=\"u-text-grey-50\">Du hast die move &amp; flow - Praxis schon als st\u00e4rkend und\nzentrierend kennengelernt? Du m\u00f6chtest regelm\u00e4\u00dfiger \u00fcben, um Deine Praxis zu vertiefen?&nbsp;<br><span class=\"u-text-custom-color-14\">Oder:<\/span> Du kennst die move &amp; flow - Praxis zwar noch nicht, bist aber\nneugierig und m\u00f6chtest acht Wochen lang gezielt Deinen Vagusnerv trainieren, um Deine Stressresilienz zu st\u00e4rken und tiefer in Kontakt mit Deiner Lebendigkeit zu kommen? Dann bist Du hier genau richtig!<\/span>\n          <br>\n          <br><span class=\"u-text-grey-50\" style=\"font-weight: 700;\">Schon mal vormerken:<\/span>\n          <br><span style=\"font-weight: 700;\">2.  move &amp; flow- Workshop:&nbsp;<br>Mehr Stressresilienz durch bioenergetische K\u00f6rpererfahrung<\/span>\n          <br><span class=\"u-text-grey-50\"><span style=\"font-weight: 700;\">S<\/span><b>onntag, den 21.06.2026,<\/b>&nbsp;<b>das 10 - 14.15 h<\/b>&nbsp;<br><span class=\"u-text-custom-color-14\"><b>volkshochschule Wiesloch<\/b><\/span><\/span>\n          <br><span style=\"font-weight: 700;\" class=\"u-text-grey-50\"><span style=\"font-weight: 400;\">Ringstr. 1<br>69168 Wiesloch<\/span>\n            <br>\n            <a href=\"tel:+49622292960\" class=\"u-active-none u-border-none u-btn u-button-style u-hover-none u-none u-text-custom-color-1 u-btn-2\"><span style=\"font-weight: 400;\" class=\"u-text-custom-color-11\">06222 \/ 9296-0<\/span>\n            <\/a><span class=\"u-text-custom-color-11\">&nbsp;<\/span><\/span>\n          <br><span class=\"u-text-grey-50\">Weitere Informationen und Anmeldung<\/span>&nbsp;<span style=\"font-weight: 700;\">\n            <a href=\"https:\/\/www.vhs-sb.de\/programm\/gesundheit\/kw\/bereich\/kursdetails\/kurs\/261L27010\/kursname\/move%20flow%20Mehr%20Stressresilienz%20durch%20bioenergetische%20Koerpererfahrung\/kategorie-id\/24\/#inhalt\" class=\"u-active-none u-border-none u-btn u-button-link u-button-style u-hover-none u-none u-text-custom-color-1 u-btn-3\" target=\"_blank\">aqui<\/a><\/span>.<br>\n          <br><span style=\"font-style: italic;\">*Weitere Termine in 2026 werden noch bekanntgegeben.<\/span>\n          <br>\n          <br><span style=\"font-size: 1.5rem; font-weight: 700;\" class=\"u-text-grey-50\"><span class=\"u-text-custom-color-14\">3.<\/span>&nbsp;&nbsp;Noch Pl\u00e4tze frei!&nbsp;&nbsp;<span class=\"u-text-custom-color-14\">Ausbildung in tiefenpsychologisch fundierter K\u00f6rperpsychotherapie (Bioenergetische Analyse) in Mannheim - Angebot der<\/span><span class=\"u-text-custom-color-14\">SGfBA<\/span>:<\/span>\n          <br><span class=\"u-text-grey-50\">Im&nbsp;<a href=\"https:\/\/sgfba.de\/bioenergetik\/PDF\/Grundkurs_25_26_Modul_1.pdf\" target=\"_blank\" class=\"u-active-none u-border-none u-btn u-button-style u-hover-none u-none u-text-custom-color-1 u-btn-4\">Fr\u00fchjahr 2026<\/a>&nbsp;beginnt der neue&nbsp;Grundkurs&nbsp;der Weiterbildung zur\/zum Bioenergetischen Berater*in oder Bioenergetischen Analytiker*in (CBT); es sind noch Pl\u00e4tze frei!&nbsp;<span style=\"font-weight: 700;\" class=\"u-text-custom-color-14\">\n              <br>\n              <br>Zielgruppe:<\/span> Die Weiterbildung richtet sich an Menschen in <span class=\"u-text-custom-color-14\" style=\"font-weight: 700;\">therapeutischen, p\u00e4dagogischen,&nbsp;beratenden und heilenden Berufen<\/span>. Berufsbegleitend werden Wissen und&nbsp;Kompetenzen vermittelt, um die bioenergetisch-analytischen Methoden und Konzepte&nbsp;berufsbezogen im psychosozialen Berufsfeld&nbsp;(Bioenergetische*r Berater*in)&nbsp;oder psychotherapeutisch&nbsp;(Bioenergetische*r Analytiker*in - CBT)&nbsp;anzuwenden.&nbsp;<br>Die Seminare werden durch die <span class=\"u-text-custom-color-14\" style=\"font-weight: 700;\">Landespsychotherapeutenkammer Baden-W\u00fcrttemberg<\/span> anerkannt;&nbsp;approbierte PsychotherapeutInnen erhalten je Wochenendseminar i.d.R. <span style=\"font-weight: 700;\" class=\"u-text-custom-color-14\">20 Fortbildungspunkte<\/span>.<br>N\u00e4here Informationen dazu auf der <a href=\"https:\/\/sgfba.de\/bioenergetische-analyse\/weiterbildung.php\" class=\"u-active-none u-border-none u-btn u-button-link u-button-style u-hover-none u-none u-text-custom-color-1 u-btn-5\" target=\"_blank\">Website der SGfBA&nbsp;<\/a>und bei <span class=\"u-text-custom-color-14\" style=\"font-weight: 700;\">\n              <a href=\"https:\/\/koerpertherapie-schmeiser.de\/\" class=\"u-active-none u-border-none u-btn u-button-link u-button-style u-hover-none u-none u-text-custom-color-1 u-btn-6\" target=\"_blank\">Henriette Schmeiser<\/a><\/span>.<\/span>\n          <br>\n        <\/p>\n      <\/div>\n    <\/section>\n    <section class=\"u-clearfix u-white u-section-5\" id=\"sec-2da8\">\n      <div class=\"u-clearfix u-sheet u-sheet-1\">\n        <div class=\"custom-expanded u-border-1 u-border-custom-color-5 u-line u-line-horizontal u-line-1\"><\/div>\n      <\/div>\n    <\/section>","protected":false},"excerpt":{"rendered":"<p>Aktuelle Angebote Auch das Jahr 2026 beginnt f\u00fcr viele Menschen mit Unsicherheiten und hohen Belastungen. In solch herausfordernden Zeiten ist es besonders wichtig, wieder sicheren Boden unter den F\u00fc\u00dfen zu sp\u00fcren und unser vegetatives&nbsp; Nervensystem zu stabilisieren. Um handlungsf\u00e4hig zu bleiben und uns innerlich getragen zu f\u00fchlen, brauchen wir Momente der Regulation, Ruhe und Erdung. &hellip; <a href=\"https:\/\/praxis-kirsten-barabas.de\/pt_br\/aktuelle-angebote\/\" class=\"more-link\">Continue reading<span class=\"screen-reader-text\"> &#8222;Aktuelles&#8220;<\/span><\/a><\/p>","protected":false},"author":1,"featured_media":512,"parent":0,"menu_order":0,"comment_status":"closed","ping_status":"closed","template":"","meta":{"footnotes":""},"class_list":["post-288","page","type-page","status-publish","has-post-thumbnail","hentry"],"_links":{"self":[{"href":"https:\/\/praxis-kirsten-barabas.de\/pt_br\/wp-json\/wp\/v2\/pages\/288","targetHints":{"allow":["GET"]}}],"collection":[{"href":"https:\/\/praxis-kirsten-barabas.de\/pt_br\/wp-json\/wp\/v2\/pages"}],"about":[{"href":"https:\/\/praxis-kirsten-barabas.de\/pt_br\/wp-json\/wp\/v2\/types\/page"}],"author":[{"embeddable":true,"href":"https:\/\/praxis-kirsten-barabas.de\/pt_br\/wp-json\/wp\/v2\/users\/1"}],"replies":[{"embeddable":true,"href":"https:\/\/praxis-kirsten-barabas.de\/pt_br\/wp-json\/wp\/v2\/comments?post=288"}],"version-history":[{"count":149,"href":"https:\/\/praxis-kirsten-barabas.de\/pt_br\/wp-json\/wp\/v2\/pages\/288\/revisions"}],"predecessor-version":[{"id":748,"href":"https:\/\/praxis-kirsten-barabas.de\/pt_br\/wp-json\/wp\/v2\/pages\/288\/revisions\/748"}],"wp:featuredmedia":[{"embeddable":true,"href":"https:\/\/praxis-kirsten-barabas.de\/pt_br\/wp-json\/wp\/v2\/media\/512"}],"wp:attachment":[{"href":"https:\/\/praxis-kirsten-barabas.de\/pt_br\/wp-json\/wp\/v2\/media?parent=288"}],"curies":[{"name":"wp","href":"https:\/\/api.w.org\/{rel}","templated":true}]}}