{"id":230,"date":"2022-01-07T12:06:03","date_gmt":"2022-01-07T11:06:03","guid":{"rendered":"https:\/\/praxis-kirsten-barabas.de\/?page_id=230"},"modified":"2025-05-04T16:37:46","modified_gmt":"2025-05-04T14:37:46","slug":"uebungsgruppe-move-and-flow","status":"publish","type":"page","link":"https:\/\/praxis-kirsten-barabas.de\/pt_br\/uebungsgruppe-move-and-flow\/","title":{"rendered":"Move &#038; Flow"},"content":{"rendered":"<section class=\"u-align-center u-clearfix u-container-align-center u-image u-shading u-section-2\" src=\"\" data-image-width=\"1280\" data-image-height=\"960\" id=\"sec-55e8\" style=\"background-image: linear-gradient(0deg, rgba(0, 0, 0, 0.25), rgba(0, 0, 0, 0.25)), url(&quot;https:\/\/praxis-kirsten-barabas.de\/wp-content\/uploads\/2023\/02\/8c79e61061eb3d4ffe32c28e04fb719cad0c5aa64d5536fa578ddaa752396ab4e9a54e7a8bf6d7ac0cb8bf28c87b9b724f0e5d177139326a81a2c5_1280.jpg&quot;);\">\n      <div class=\"u-clearfix u-sheet u-valign-middle-xl u-sheet-1\">\n        <h1 class=\"u-align-left u-text u-text-body-alt-color u-text-1\"> move\n&amp; flow<\/h1>\n        <p class=\"u-align-left u-large-text u-text u-text-body-alt-color u-text-variant u-text-2\"> Achtsame bioenergetische Bewegungspraxis<\/p>\n      <\/div>\n    <\/section>\n    <section class=\"u-clearfix u-section-3\" id=\"sec-8dac\">\n      <div class=\"u-clearfix u-sheet u-valign-middle u-sheet-1\">\n        <p class=\"u-align-justify u-text u-text-1\"><span style=\"font-weight: 700;\">m<\/span><b>ove\n&amp; flow- o que \u00e9 isso?<\/b>\n          <br>\n          <br>Na pr\u00e1tica consciente bioenerg\u00e9tica move &amp; flow, trata-se de se sentir melhor no pr\u00f3prio corpo atrav\u00e9s de movimentos conscientes. Trata-se de passar do movimento exterior para um toque interior e entrar em um fluxo. O fluxo significa a sensa\u00e7\u00e3o feliz de estar completamente em sintonia consigo mesmo. Por um lado, a participa\u00e7\u00e3o na pr\u00e1tica move &amp; flow permite conhecer os m\u00e9todos da An\u00e1lise Bioenerg\u00e9tica de forma independente de um processo psicoterap\u00eautico. Por outro lado, a pr\u00e1tica em grupo pode apoiar e aprofundar um processo psicoterap\u00eautico pr\u00f3prio. \n&nbsp;<br>\n          <br><b>Como funciona uma sess\u00e3o de pr\u00e1tica move &amp; flow?<\/b>&nbsp;<br>\n          <br>Nos encontramos uma vez por semana para nos movimentar conscientemente e perceber melhor a n\u00f3s mesmos atrav\u00e9s do movimento. As exig\u00eancias do nosso dia a dia e experi\u00eancias dif\u00edceis em nossa hist\u00f3ria frequentemente levam a tens\u00f5es em nosso corpo. Por isso, no in\u00edcio fazemos exerc\u00edcios l\u00fadicos para aquecer e relaxar nossos m\u00fasculos, articula\u00e7\u00f5es e f\u00e1scias. Atrav\u00e9s de exerc\u00edcios de grounding, sentimos um solo seguro sob nossos p\u00e9s. Percebemos como a energia est\u00e1 fluindo em nosso corpo neste momento e onde encontramos bloqueios. Exerc\u00edcios para aprofundar a respira\u00e7\u00e3o nos ajudam a sentir e dissolver esses bloqueios. Exerc\u00edcios de vibra\u00e7\u00e3o podem ajudar a processar e reduzir o estresse, mesmo aquele causado por traumas. Assim, podemos encontrar mais tranquilidade interna e vitalidade. Na pr\u00e1tica bioenerg\u00e9tica consciente, trata-se do contato consciente consigo mesmo. Ela nos ajuda a entrar em contato com nossos sentimentos e express\u00e1-los de forma n\u00e3o verbal. Portanto, o desempenho esportivo ou crit\u00e9rios como 'certo' e 'errado' n\u00e3o t\u00eam import\u00e2ncia. <b>&nbsp;<\/b>&nbsp;<br>\n          <br><span style=\"font-weight: 700;\">Por qu\u00ea \"move &amp; flow\"?<\/span>\n          <br>\n          <br>O fundador da An\u00e1lise Bioenerg\u00e9tica, o m\u00e9dico americano Alexander Lowen, desenvolveu a pr\u00e1tica de movimento bioenerg\u00e9tica com base em suas observa\u00e7\u00f5es ao trabalhar com seus pacientes. Desde ent\u00e3o, grupos de movimento bioenerg\u00e9tico move &amp; flow complementam a oferta psicoterap\u00eautica da An\u00e1lise Bioenerg\u00e9tica. Incorporando os conhecimentos das neuroci\u00eancias, o termo 'move &amp; flow' foi desenvolvido pelo m\u00e9dico de Col\u00f4nia, Konrad Oelmann.&nbsp;<br>\n          <br>\n        <\/p>\n      <\/div>\n    <\/section>","protected":false},"excerpt":{"rendered":"<p>move &amp; flow Achtsame bioenergetische Bewegungspraxis move &amp; flow- was ist das? Bei der achtsamen bioenergetischen move &amp; flow &#8211; Praxis geht es darum, sich durch bewusste Bewegungen besser im eigenen K\u00f6rper zu sp\u00fcren. Es geht darum, von der \u00e4u\u00dferen Bewegung zu einem inneren Ber\u00fchrtsein zu gelangen und in einen Flow zu kommen. Flow meint &hellip; <a href=\"https:\/\/praxis-kirsten-barabas.de\/pt_br\/uebungsgruppe-move-and-flow\/\" class=\"more-link\">Continue reading<span class=\"screen-reader-text\"> &#8222;Move &#038; Flow&#8220;<\/span><\/a><\/p>","protected":false},"author":1,"featured_media":0,"parent":0,"menu_order":0,"comment_status":"closed","ping_status":"closed","template":"","meta":{"footnotes":""},"class_list":["post-230","page","type-page","status-publish","hentry"],"_links":{"self":[{"href":"https:\/\/praxis-kirsten-barabas.de\/pt_br\/wp-json\/wp\/v2\/pages\/230","targetHints":{"allow":["GET"]}}],"collection":[{"href":"https:\/\/praxis-kirsten-barabas.de\/pt_br\/wp-json\/wp\/v2\/pages"}],"about":[{"href":"https:\/\/praxis-kirsten-barabas.de\/pt_br\/wp-json\/wp\/v2\/types\/page"}],"author":[{"embeddable":true,"href":"https:\/\/praxis-kirsten-barabas.de\/pt_br\/wp-json\/wp\/v2\/users\/1"}],"replies":[{"embeddable":true,"href":"https:\/\/praxis-kirsten-barabas.de\/pt_br\/wp-json\/wp\/v2\/comments?post=230"}],"version-history":[{"count":19,"href":"https:\/\/praxis-kirsten-barabas.de\/pt_br\/wp-json\/wp\/v2\/pages\/230\/revisions"}],"predecessor-version":[{"id":647,"href":"https:\/\/praxis-kirsten-barabas.de\/pt_br\/wp-json\/wp\/v2\/pages\/230\/revisions\/647"}],"wp:attachment":[{"href":"https:\/\/praxis-kirsten-barabas.de\/pt_br\/wp-json\/wp\/v2\/media?parent=230"}],"curies":[{"name":"wp","href":"https:\/\/api.w.org\/{rel}","templated":true}]}}